{"id":19,"date":"2022-12-05T08:38:36","date_gmt":"2022-12-05T07:38:36","guid":{"rendered":"https:\/\/demomultilingual.virtuaza.com\/msls-fr\/?page_id=19"},"modified":"2022-12-05T09:19:28","modified_gmt":"2022-12-05T08:19:28","slug":"page-2","status":"publish","type":"page","link":"https:\/\/demomultilingual.virtuaza.com\/msls-fr\/page-2\/","title":{"rendered":"Page 2"},"content":{"rendered":"\n<p>en fran\u00e7ais<\/p>\n\n\n\n<p>Multisite Language Switcher apr\u00e8s le bloc navigation dans la m\u00eame rang\u00e9e ou en-dessus\/dessous selon votre pr\u00e9f\u00e9rence.<\/p>\n\n\n\n<p>Merci Ben Evans et Wes Theron pour l&rsquo;aide lors du <a href=\"https:\/\/www.meetup.com\/learn-wordpress-online-workshops\/events\/289957594\/\">meetup<\/a> en ligne, donc pour l&rsquo;instant pas \u00ab\u00a0dans\u00a0\u00bb la navigation<\/p>\n\n\n\n<figure class=\"wp-block-image size-full\"><img loading=\"lazy\" decoding=\"async\" width=\"360\" height=\"385\" src=\"https:\/\/demomultilingual.virtuaza.com\/msls-fr\/wp-content\/uploads\/sites\/11\/sites\/13\/2022\/12\/image-1.png\" alt=\"\" class=\"wp-image-32\" srcset=\"https:\/\/demomultilingual.virtuaza.com\/msls-fr\/wp-content\/uploads\/sites\/11\/sites\/13\/2022\/12\/image-1.png 360w, https:\/\/demomultilingual.virtuaza.com\/msls-fr\/wp-content\/uploads\/sites\/11\/sites\/13\/2022\/12\/image-1-281x300.png 281w\" sizes=\"auto, (max-width: 360px) 100vw, 360px\" \/><\/figure>\n","protected":false},"excerpt":{"rendered":"<p>en fran\u00e7ais Multisite Language Switcher apr\u00e8s le bloc navigation dans la m\u00eame rang\u00e9e ou en-dessus\/dessous selon votre pr\u00e9f\u00e9rence. Merci Ben Evans et Wes Theron pour l&rsquo;aide lors du meetup en ligne, donc pour l&rsquo;instant pas \u00ab\u00a0dans\u00a0\u00bb la navigation<\/p>\n","protected":false},"author":1,"featured_media":0,"parent":0,"menu_order":0,"comment_status":"closed","ping_status":"closed","template":"","meta":{"footnotes":""},"class_list":["post-19","page","type-page","status-publish","hentry"],"_links":{"self":[{"href":"https:\/\/demomultilingual.virtuaza.com\/msls-fr\/wp-json\/wp\/v2\/pages\/19","targetHints":{"allow":["GET"]}}],"collection":[{"href":"https:\/\/demomultilingual.virtuaza.com\/msls-fr\/wp-json\/wp\/v2\/pages"}],"about":[{"href":"https:\/\/demomultilingual.virtuaza.com\/msls-fr\/wp-json\/wp\/v2\/types\/page"}],"author":[{"embeddable":true,"href":"https:\/\/demomultilingual.virtuaza.com\/msls-fr\/wp-json\/wp\/v2\/users\/1"}],"replies":[{"embeddable":true,"href":"https:\/\/demomultilingual.virtuaza.com\/msls-fr\/wp-json\/wp\/v2\/comments?post=19"}],"version-history":[{"count":8,"href":"https:\/\/demomultilingual.virtuaza.com\/msls-fr\/wp-json\/wp\/v2\/pages\/19\/revisions"}],"predecessor-version":[{"id":42,"href":"https:\/\/demomultilingual.virtuaza.com\/msls-fr\/wp-json\/wp\/v2\/pages\/19\/revisions\/42"}],"wp:attachment":[{"href":"https:\/\/demomultilingual.virtuaza.com\/msls-fr\/wp-json\/wp\/v2\/media?parent=19"}],"curies":[{"name":"wp","href":"https:\/\/api.w.org\/{rel}","templated":true}]}}