{"id":2,"date":"2022-10-16T17:37:39","date_gmt":"2022-10-16T15:37:39","guid":{"rendered":"https:\/\/demomultilingual.virtuaza.com\/msls-fr\/?page_id=2"},"modified":"2022-12-05T09:14:10","modified_gmt":"2022-12-05T08:14:10","slug":"accueil","status":"publish","type":"page","link":"https:\/\/demomultilingual.virtuaza.com\/msls-fr\/","title":{"rendered":"Accueil"},"content":{"rendered":"\n<p>Voici la version fran\u00e7aise sur le sous-site en fran\u00e7ais, connect\u00e9 au sous-site en anglais via le \u00ab\u00a0Multisite Language Switcher\u00a0\u00bb, un plugin gratuit d\u00e9velopp\u00e9 par Dennis Ploetner. <\/p>\n\n\n\n<p>Il fonctionne sur un multisite et tout est s\u00e9par\u00e9. Vous pouvez alors avoir des th\u00e8mes, plugins ou contenus diff\u00e9rents par langue et ne lier que ce que vous voulez. Cela n&rsquo;a donc pas d&rsquo;impact sur les performances et permet d&rsquo;avoir facilement des domaines s\u00e9par\u00e9s si n\u00e9cessaire. Le seul petit probl\u00e8me avec cette solution est lorsque vous avez des plugins payants, car les sous-sites seront consid\u00e9r\u00e9s comme des sites distincts et vous aurez souvent besoin de plus d&rsquo;une licence.<\/p>\n\n\n\n<p>Voir la <a href=\"https:\/\/demomultilingual.virtuaza.com\/msls-fr\/page-2\/\" data-type=\"page\" data-id=\"19\">page 2<\/a> pour l&rsquo;ajout du block de changement de langue dans l&rsquo;en-t\u00eate dans l&rsquo;\u00e9diteur de site.<\/p>\n\n\n\n<p>Vous pouvez trouver plus d&rsquo;informations sur le plugin Multisite Language Switcher:<\/p>\n\n\n\n<ul class=\"wp-block-list\">\n<li><a href=\"https:\/\/wordpress.org\/plugins\/multisite-language-switcher\/\">Plugin sur le d\u00e9p\u00f4t wordpress.org<\/a><\/li>\n\n\n\n<li><a href=\"https:\/\/msls.co\/\">Site web du plugin<\/a><\/li>\n\n\n\n<li><a href=\"https:\/\/github.com\/lloc\/Multisite-Language-Switcher\">D\u00e9veloppement du plugin sur GitHub<\/a><\/li>\n\n\n\n<li><a href=\"https:\/\/wordpress.org\/plugins\/mslsmenu\/\">Plugin suppl\u00e9mentaire<\/a> pour le menu (pour les menus de th\u00e8me non-FSE)<\/li>\n<\/ul>\n\n\n\n<p>On peut personnaliser beaucoup de choses<\/p>\n\n\n\n<figure class=\"wp-block-image size-full\"><img loading=\"lazy\" decoding=\"async\" width=\"650\" height=\"1669\" src=\"https:\/\/demomultilingual.virtuaza.com\/msls-fr\/wp-content\/uploads\/sites\/11\/sites\/13\/2022\/10\/image.png\" alt=\"\" class=\"wp-image-11\" srcset=\"https:\/\/demomultilingual.virtuaza.com\/msls-fr\/wp-content\/uploads\/sites\/11\/sites\/13\/2022\/10\/image.png 650w, https:\/\/demomultilingual.virtuaza.com\/msls-fr\/wp-content\/uploads\/sites\/11\/sites\/13\/2022\/10\/image-117x300.png 117w, https:\/\/demomultilingual.virtuaza.com\/msls-fr\/wp-content\/uploads\/sites\/11\/sites\/13\/2022\/10\/image-399x1024.png 399w, https:\/\/demomultilingual.virtuaza.com\/msls-fr\/wp-content\/uploads\/sites\/11\/sites\/13\/2022\/10\/image-598x1536.png 598w\" sizes=\"auto, (max-width: 650px) 100vw, 650px\" \/><\/figure>\n","protected":false},"excerpt":{"rendered":"<p>Voici la version fran\u00e7aise sur le sous-site en fran\u00e7ais, connect\u00e9 au sous-site en anglais via le \u00ab\u00a0Multisite Language Switcher\u00a0\u00bb, un plugin gratuit d\u00e9velopp\u00e9 par Dennis Ploetner. Il fonctionne sur un multisite et tout est s\u00e9par\u00e9. Vous pouvez alors avoir des th\u00e8mes, plugins ou contenus diff\u00e9rents par langue et ne lier que ce que vous voulez. [&hellip;]<\/p>\n","protected":false},"author":1,"featured_media":0,"parent":0,"menu_order":0,"comment_status":"closed","ping_status":"closed","template":"","meta":{"footnotes":""},"class_list":["post-2","page","type-page","status-publish","hentry"],"_links":{"self":[{"href":"https:\/\/demomultilingual.virtuaza.com\/msls-fr\/wp-json\/wp\/v2\/pages\/2","targetHints":{"allow":["GET"]}}],"collection":[{"href":"https:\/\/demomultilingual.virtuaza.com\/msls-fr\/wp-json\/wp\/v2\/pages"}],"about":[{"href":"https:\/\/demomultilingual.virtuaza.com\/msls-fr\/wp-json\/wp\/v2\/types\/page"}],"author":[{"embeddable":true,"href":"https:\/\/demomultilingual.virtuaza.com\/msls-fr\/wp-json\/wp\/v2\/users\/1"}],"replies":[{"embeddable":true,"href":"https:\/\/demomultilingual.virtuaza.com\/msls-fr\/wp-json\/wp\/v2\/comments?post=2"}],"version-history":[{"count":6,"href":"https:\/\/demomultilingual.virtuaza.com\/msls-fr\/wp-json\/wp\/v2\/pages\/2\/revisions"}],"predecessor-version":[{"id":30,"href":"https:\/\/demomultilingual.virtuaza.com\/msls-fr\/wp-json\/wp\/v2\/pages\/2\/revisions\/30"}],"wp:attachment":[{"href":"https:\/\/demomultilingual.virtuaza.com\/msls-fr\/wp-json\/wp\/v2\/media?parent=2"}],"curies":[{"name":"wp","href":"https:\/\/api.w.org\/{rel}","templated":true}]}}