{"id":14,"date":"2022-10-16T21:52:48","date_gmt":"2022-10-16T19:52:48","guid":{"rendered":"https:\/\/demomultilingual.virtuaza.com\/polylang\/home-francais\/"},"modified":"2022-10-16T22:29:29","modified_gmt":"2022-10-16T20:29:29","slug":"accueil","status":"publish","type":"page","link":"https:\/\/demomultilingual.virtuaza.com\/polylang\/fr\/accueil\/","title":{"rendered":"Accueil"},"content":{"rendered":"\n<p>Ceci est la page version fran\u00e7aise du site de d\u00e9mo de Polylang.<\/p>\n\n\n\n<p>Le bloc de changement de langue \u00e0 ins\u00e9rer dans FSE n&#8217;est pas disponible dans la version gratuite.<\/p>\n\n\n\n<p>Si vous utilisez un th\u00e8me non FSE, vous pouvez ajouter un s\u00e9lecteur de langue dans le menu depuis Apparence->Menus<\/p>\n","protected":false},"excerpt":{"rendered":"<p>Ceci est la page version fran\u00e7aise du site de d\u00e9mo de Polylang. Le bloc de changement de langue \u00e0 ins\u00e9rer dans FSE n&#8217;est pas disponible dans la version gratuite. Si vous utilisez un th\u00e8me non FSE, vous pouvez ajouter un s\u00e9lecteur de langue dans le menu depuis Apparence->Menus<\/p>\n","protected":false},"author":1,"featured_media":0,"parent":0,"menu_order":0,"comment_status":"closed","ping_status":"closed","template":"","meta":{"footnotes":""},"class_list":["post-14","page","type-page","status-publish","hentry"],"_links":{"self":[{"href":"https:\/\/demomultilingual.virtuaza.com\/polylang\/wp-json\/wp\/v2\/pages\/14","targetHints":{"allow":["GET"]}}],"collection":[{"href":"https:\/\/demomultilingual.virtuaza.com\/polylang\/wp-json\/wp\/v2\/pages"}],"about":[{"href":"https:\/\/demomultilingual.virtuaza.com\/polylang\/wp-json\/wp\/v2\/types\/page"}],"author":[{"embeddable":true,"href":"https:\/\/demomultilingual.virtuaza.com\/polylang\/wp-json\/wp\/v2\/users\/1"}],"replies":[{"embeddable":true,"href":"https:\/\/demomultilingual.virtuaza.com\/polylang\/wp-json\/wp\/v2\/comments?post=14"}],"version-history":[{"count":2,"href":"https:\/\/demomultilingual.virtuaza.com\/polylang\/wp-json\/wp\/v2\/pages\/14\/revisions"}],"predecessor-version":[{"id":18,"href":"https:\/\/demomultilingual.virtuaza.com\/polylang\/wp-json\/wp\/v2\/pages\/14\/revisions\/18"}],"wp:attachment":[{"href":"https:\/\/demomultilingual.virtuaza.com\/polylang\/wp-json\/wp\/v2\/media?parent=14"}],"curies":[{"name":"wp","href":"https:\/\/api.w.org\/{rel}","templated":true}]}}