{"id":9,"date":"2022-10-16T17:37:57","date_gmt":"2022-10-16T15:37:57","guid":{"rendered":"https:\/\/demomultilingual.virtuaza.com\/wpml\/accueil\/"},"modified":"2022-10-20T19:25:50","modified_gmt":"2022-10-20T17:25:50","slug":"accueil","status":"publish","type":"page","link":"https:\/\/demomultilingual.virtuaza.com\/wpml\/fr\/","title":{"rendered":"Accueil <!-- Protanopia filter --> <!-- Deuteranopia filter --> <!-- Tritanopia filter --> <!-- Protanopia filter --> <!-- Deuteranopia filter --> <!-- Tritanopia filter -->"},"content":{"rendered":"\n<p>Site d\u00e9mo pour les traductions WPML Cette page va \u00eatre traduite en fran\u00e7ais par WPML. Vous pouvez choisir des traductions automatis\u00e9es ou manuelles (ici manuelles) et pouvez acheter des cr\u00e9dit pour la traduction automatis\u00e9e.<\/p>\n\n<p>WPML est l&rsquo;une des plus vieilles extension multilingue pour WordPress, elle avait une mauvaise r\u00e9putation \u00e0 cause des performances, mais ils l&rsquo;ont beaucoup am\u00e9lior\u00e9e.<\/p>\n\n<p>Leur mod\u00e8le est premium, sans niveau gratuit.<\/p>\n\n<p>Vous pouvez trouver leur structure de prix sur <a href=\"https:\/\/wpml.org\/purchase\/\">leur site<\/a><\/p>\n\n<p>Pour l&rsquo;instant, on ne peut pas ajouter le s\u00e9lecteur de langues dans le block de navigation du \u00ab\u00a0full site editor\u00a0\u00bb, il y a une solution avec les shortcodes, <a href=\"https:\/\/wpml.org\/errata\/not-possible-to-add-a-language-switcher-to-the-navigation-block\/\">voir ici<\/a>.<\/p>\n\n<p>Il y a un temps d&rsquo;apprentissage par rapport au \u00ab\u00a0Full site editing\u00a0\u00bb avec WPML, vous pouvez voir leur vid\u00e9o ci-dessous (info compl\u00e8te <a href=\"https:\/\/wpml.org\/changelog\/2022\/01\/wpml-4-5-3-compatibility-with-wordpress-5-9-and-full-site-editing\/\">sur leur page<\/a>)<\/p>\n\n<figure class=\"wp-block-embed is-type-video is-provider-youtube wp-block-embed-youtube wp-embed-aspect-16-9 wp-has-aspect-ratio\"><div class=\"wp-block-embed__wrapper\">\n<iframe loading=\"lazy\" title=\"Translating WordPress Full Site Editing Sites With WPML\" width=\"500\" height=\"281\" src=\"https:\/\/www.youtube.com\/embed\/NhG7eX44i9o?feature=oembed\" frameborder=\"0\" allow=\"accelerometer; autoplay; clipboard-write; encrypted-media; gyroscope; picture-in-picture; web-share\" referrerpolicy=\"strict-origin-when-cross-origin\" allowfullscreen><\/iframe>\n<\/div><\/figure>\n","protected":false},"excerpt":{"rendered":"<p>Site d\u00e9mo pour les traductions WPML Cette page va \u00eatre traduite en fran\u00e7ais par WPML. Vous pouvez choisir des traductions automatis\u00e9es ou manuelles (ici manuelles) et pouvez acheter des cr\u00e9dit pour la traduction automatis\u00e9e. WPML est l&rsquo;une des plus vieilles extension multilingue pour WordPress, elle avait une mauvaise r\u00e9putation \u00e0 cause des performances, mais ils [&hellip;]<\/p>\n","protected":false},"author":1,"featured_media":0,"parent":0,"menu_order":0,"comment_status":"closed","ping_status":"closed","template":"","meta":{"footnotes":""},"class_list":["post-9","page","type-page","status-publish","hentry"],"_links":{"self":[{"href":"https:\/\/demomultilingual.virtuaza.com\/wpml\/fr\/wp-json\/wp\/v2\/pages\/9","targetHints":{"allow":["GET"]}}],"collection":[{"href":"https:\/\/demomultilingual.virtuaza.com\/wpml\/fr\/wp-json\/wp\/v2\/pages"}],"about":[{"href":"https:\/\/demomultilingual.virtuaza.com\/wpml\/fr\/wp-json\/wp\/v2\/types\/page"}],"author":[{"embeddable":true,"href":"https:\/\/demomultilingual.virtuaza.com\/wpml\/fr\/wp-json\/wp\/v2\/users\/1"}],"replies":[{"embeddable":true,"href":"https:\/\/demomultilingual.virtuaza.com\/wpml\/fr\/wp-json\/wp\/v2\/comments?post=9"}],"version-history":[{"count":19,"href":"https:\/\/demomultilingual.virtuaza.com\/wpml\/fr\/wp-json\/wp\/v2\/pages\/9\/revisions"}],"predecessor-version":[{"id":40,"href":"https:\/\/demomultilingual.virtuaza.com\/wpml\/fr\/wp-json\/wp\/v2\/pages\/9\/revisions\/40"}],"wp:attachment":[{"href":"https:\/\/demomultilingual.virtuaza.com\/wpml\/fr\/wp-json\/wp\/v2\/media?parent=9"}],"curies":[{"name":"wp","href":"https:\/\/api.w.org\/{rel}","templated":true}]}}